{"id":235,"date":"2023-09-17T12:07:55","date_gmt":"2023-09-17T10:07:55","guid":{"rendered":"http:\/\/lepanib.cluster028.hosting.ovh.net\/?page_id=235"},"modified":"2025-10-31T16:43:09","modified_gmt":"2025-10-31T15:43:09","slug":"adhesion","status":"publish","type":"page","link":"https:\/\/www.lepanierfoyen.fr\/index.php\/adhesion\/","title":{"rendered":"Adh\u00e9sion"},"content":{"rendered":"\n<div class=\"wp-block-cover alignfull has-custom-8-color has-text-color\" style=\"min-height:50px;aspect-ratio:unset;\"><span aria-hidden=\"true\" class=\"wp-block-cover__background has-nv-light-bg-background-color has-background-dim-100 has-background-dim\"><\/span><div class=\"wp-block-cover__inner-container is-layout-constrained wp-block-cover-is-layout-constrained\">\n<div style=\"height:100px\" aria-hidden=\"true\" class=\"wp-block-spacer\"><\/div>\n\n\n\n<h2 class=\"wp-block-heading has-text-align-center has-large-font-size\">Adh\u00e9sion<\/h2>\n\n\n\n<div style=\"height:50px\" aria-hidden=\"true\" class=\"wp-block-spacer\"><\/div>\n\n\n\n<p class=\"has-text-align-left has-medium-font-size\">Pour adh\u00e9rer \u00e0 l&rsquo;association :<\/p>\n\n\n\n<ul class=\"wp-block-list has-custom-8-color has-text-color has-medium-font-size\">\n<li>T\u00e9l\u00e9chargez le bulletin d&rsquo;adh\u00e9sion en cliquant sur l&rsquo;image ci-dessous,<\/li>\n\n\n\n<li>Compl\u00e9tez-le \u00e0 l&rsquo;ordinateur ou \u00e0 la main,<\/li>\n\n\n\n<li>Puis transmettez-le nous par mail ou lors d&rsquo;une distribution un mardi.<\/li>\n<\/ul>\n\n\n\n<div style=\"height:59px\" aria-hidden=\"true\" class=\"wp-block-spacer\"><\/div>\n\n\n<div class=\"wp-block-image\">\n<figure class=\"aligncenter size-medium is-resized\"><a href=\"https:\/\/www.lepanierfoyen.fr\/wp-content\/uploads\/2025\/10\/bulletin-dadhesion-2025-2026.pdf\" target=\"_blank\" rel=\"noreferrer noopener\"><img loading=\"lazy\" decoding=\"async\" width=\"300\" height=\"300\" src=\"https:\/\/www.lepanierfoyen.fr\/wp-content\/uploads\/2023\/09\/flat-2126884_1280-300x300.png\" alt=\"Ic\u00f4ne document\" class=\"wp-image-353\" style=\"width:350px\"\/><\/a><\/figure>\n<\/div>\n\n\n<div style=\"height:20px\" aria-hidden=\"true\" class=\"wp-block-spacer\"><\/div>\n\n\n\n<div style=\"height:75px\" aria-hidden=\"true\" class=\"wp-block-spacer\"><\/div>\n<\/div><\/div>\n","protected":false},"excerpt":{"rendered":"","protected":false},"author":1,"featured_media":0,"parent":0,"menu_order":0,"comment_status":"closed","ping_status":"closed","template":"","meta":{"neve_meta_sidebar":"","neve_meta_container":"contained","neve_meta_enable_content_width":"on","neve_meta_content_width":80,"neve_meta_title_alignment":"","neve_meta_author_avatar":"","neve_post_elements_order":"","neve_meta_disable_header":"","neve_meta_disable_footer":"","neve_meta_disable_title":"on","footnotes":""},"class_list":["post-235","page","type-page","status-publish","hentry"],"_links":{"self":[{"href":"https:\/\/www.lepanierfoyen.fr\/index.php\/wp-json\/wp\/v2\/pages\/235","targetHints":{"allow":["GET"]}}],"collection":[{"href":"https:\/\/www.lepanierfoyen.fr\/index.php\/wp-json\/wp\/v2\/pages"}],"about":[{"href":"https:\/\/www.lepanierfoyen.fr\/index.php\/wp-json\/wp\/v2\/types\/page"}],"author":[{"embeddable":true,"href":"https:\/\/www.lepanierfoyen.fr\/index.php\/wp-json\/wp\/v2\/users\/1"}],"replies":[{"embeddable":true,"href":"https:\/\/www.lepanierfoyen.fr\/index.php\/wp-json\/wp\/v2\/comments?post=235"}],"version-history":[{"count":49,"href":"https:\/\/www.lepanierfoyen.fr\/index.php\/wp-json\/wp\/v2\/pages\/235\/revisions"}],"predecessor-version":[{"id":926,"href":"https:\/\/www.lepanierfoyen.fr\/index.php\/wp-json\/wp\/v2\/pages\/235\/revisions\/926"}],"wp:attachment":[{"href":"https:\/\/www.lepanierfoyen.fr\/index.php\/wp-json\/wp\/v2\/media?parent=235"}],"curies":[{"name":"wp","href":"https:\/\/api.w.org\/{rel}","templated":true}]}}