{"id":88,"date":"2023-09-13T10:11:11","date_gmt":"2023-09-13T08:11:11","guid":{"rendered":"http:\/\/lepanib.cluster028.hosting.ovh.net\/?page_id=88"},"modified":"2023-11-14T19:34:22","modified_gmt":"2023-11-14T18:34:22","slug":"partenaires","status":"publish","type":"page","link":"https:\/\/www.lepanierfoyen.fr\/index.php\/partenaires\/","title":{"rendered":"Partenaires"},"content":{"rendered":"\n<div class=\"wp-block-cover alignfull has-custom-8-color has-text-color has-large-font-size\"><span aria-hidden=\"true\" class=\"wp-block-cover__background has-nv-light-bg-background-color has-background-dim-100 has-background-dim\"><\/span><div class=\"wp-block-cover__inner-container is-layout-constrained wp-block-cover-is-layout-constrained\">\n<div style=\"height:100px\" aria-hidden=\"true\" class=\"wp-block-spacer\"><\/div>\n\n\n\n<h2 class=\"wp-block-heading has-text-align-center has-custom-8-color has-text-color has-large-font-size\">Partenaires<\/h2>\n\n\n\n<div style=\"height:50px\" aria-hidden=\"true\" class=\"wp-block-spacer\"><\/div>\n\n\n\n<div class=\"wp-block-media-text is-stacked-on-mobile\"><figure class=\"wp-block-media-text__media\"><img loading=\"lazy\" decoding=\"async\" width=\"600\" height=\"600\" src=\"http:\/\/lepanib.cluster028.hosting.ovh.net\/wp-content\/uploads\/2023\/11\/Zita_Sanches.jpg\" alt=\"\" class=\"wp-image-609 size-full\" srcset=\"https:\/\/www.lepanierfoyen.fr\/wp-content\/uploads\/2023\/11\/Zita_Sanches.jpg 600w, https:\/\/www.lepanierfoyen.fr\/wp-content\/uploads\/2023\/11\/Zita_Sanches-300x300.jpg 300w, https:\/\/www.lepanierfoyen.fr\/wp-content\/uploads\/2023\/11\/Zita_Sanches-150x150.jpg 150w\" sizes=\"auto, (max-width: 600px) 100vw, 600px\" \/><\/figure><div class=\"wp-block-media-text__content\">\n<p class=\"has-medium-font-size\"><strong>Zita Sanches<\/strong>, productrice d&rsquo;olives, d&rsquo;huile d&rsquo;olives et d&rsquo;amandes dans la vall\u00e9e du Douro au Portugal, propose ses produits aux adh\u00e9rents du Panier Foyen une fois par an, en d\u00e9cembre, apr\u00e8s r\u00e9colte et transformation.<\/p>\n<\/div><\/div>\n\n\n\n<div style=\"height:100px\" aria-hidden=\"true\" class=\"wp-block-spacer\"><\/div>\n<\/div><\/div>\n","protected":false},"excerpt":{"rendered":"","protected":false},"author":1,"featured_media":0,"parent":0,"menu_order":0,"comment_status":"closed","ping_status":"closed","template":"","meta":{"neve_meta_sidebar":"","neve_meta_container":"contained","neve_meta_enable_content_width":"on","neve_meta_content_width":80,"neve_meta_title_alignment":"","neve_meta_author_avatar":"","neve_post_elements_order":"","neve_meta_disable_header":"","neve_meta_disable_footer":"","neve_meta_disable_title":"on","footnotes":""},"class_list":["post-88","page","type-page","status-publish","hentry"],"_links":{"self":[{"href":"https:\/\/www.lepanierfoyen.fr\/index.php\/wp-json\/wp\/v2\/pages\/88","targetHints":{"allow":["GET"]}}],"collection":[{"href":"https:\/\/www.lepanierfoyen.fr\/index.php\/wp-json\/wp\/v2\/pages"}],"about":[{"href":"https:\/\/www.lepanierfoyen.fr\/index.php\/wp-json\/wp\/v2\/types\/page"}],"author":[{"embeddable":true,"href":"https:\/\/www.lepanierfoyen.fr\/index.php\/wp-json\/wp\/v2\/users\/1"}],"replies":[{"embeddable":true,"href":"https:\/\/www.lepanierfoyen.fr\/index.php\/wp-json\/wp\/v2\/comments?post=88"}],"version-history":[{"count":17,"href":"https:\/\/www.lepanierfoyen.fr\/index.php\/wp-json\/wp\/v2\/pages\/88\/revisions"}],"predecessor-version":[{"id":610,"href":"https:\/\/www.lepanierfoyen.fr\/index.php\/wp-json\/wp\/v2\/pages\/88\/revisions\/610"}],"wp:attachment":[{"href":"https:\/\/www.lepanierfoyen.fr\/index.php\/wp-json\/wp\/v2\/media?parent=88"}],"curies":[{"name":"wp","href":"https:\/\/api.w.org\/{rel}","templated":true}]}}